{"id":20,"date":"2010-05-08T20:43:37","date_gmt":"2010-05-08T20:43:37","guid":{"rendered":"http:\/\/schiffahrtsregatta.de\/wordpress\/?page_id=20"},"modified":"2025-09-29T11:44:08","modified_gmt":"2025-09-29T11:44:08","slug":"fotos","status":"publish","type":"page","link":"https:\/\/schiffahrtsregatta.de\/?page_id=20","title":{"rendered":"Fotos"},"content":{"rendered":"<h1 style=\"text-align: left;\">Fotos der 42. Schiffahrtsregatta 2025:<\/h1>\n<p>Alle Bilder von Jens Meyer finden Sie <a href=\"https:\/\/www.schiffahrtsregatta.de\/Bilder2025\/JEPEME2025-Regatta\/index.html\" target=\"_blank\" rel=\"noopener\">hier.<\/a><\/p>\n<p>Alle Bilder von Dr. Tobias Beckmann finden Sie <a href=\"https:\/\/www.schiffahrtsregatta.de\/Bilder2025\/TOBE2025-Regatta\/index.html\" target=\"_blank\" rel=\"noopener\">hier.<\/a><\/p>\n<p>Alle Bilder von Hinrich Franck &amp; Team finden Sie hier:<\/p>\n<p>Bilder vom Freitag in Grauh\u00f6ft\u00a0 \u00a0<a href=\"https:\/\/www.schiffahrtsregatta.de\/Bilder2025\/HIFRA2025-FR\/index.html\" target=\"_blank\" rel=\"noopener\">hier<\/a><\/p>\n<p>Bilder von der Regatta Teil 1\u00a0 \u00a0<a href=\"https:\/\/www.schiffahrtsregatta.de\/Bilder2025\/HIFRA2025-Regatta1\/index.html\" target=\"_blank\" rel=\"noopener\">hier<\/a><\/p>\n<p>Bilder von der Regatta Teil 2\u00a0 \u00a0<a href=\"https:\/\/www.schiffahrtsregatta.de\/Bilder2025\/HIFRA2025-Regatta2\/index.html\" target=\"_blank\" rel=\"noopener\">hier<\/a><\/p>\n<p>Bilder vom Hafen und dem Umzug in \u00c6r\u00f8sk\u00f8bing\u00a0 \u00a0<a href=\"https:\/\/www.schiffahrtsregatta.de\/Bilder2025\/HIFRA2025-Hafen\/index.html\" target=\"_blank\" rel=\"noopener\">hier<\/a><\/p>\n<p>Bilder vom Sonntag\u00a0 \u00a0<a href=\"https:\/\/www.schiffahrtsregatta.de\/Bilder2025\/HIFRA2025-Sonntag\/index.html\" target=\"_blank\" rel=\"noopener\">hier<\/a><\/p>\n<p>Abz\u00fcge oder Hig Res Daten zur Nutzung k\u00f6nnen Sie hier bekommen: <a href=\"https:\/\/hinrich-franck.fotograf.de\/album\/6361227\/schiffahrtsregatta-2025\" target=\"_blank\" rel=\"noopener\">Hinrich Franck<\/a><\/p>\n<p>&nbsp;<\/p>\n<p>Archiv 2024:<\/p>\n<p>Alle Bilder von Hinrich Franck &amp; Team finden Sie <a href=\"https:\/\/www.schiffahrtsregatta.de\/Bilder2024\/HIFRA2024\/index.html\" target=\"_blank\" rel=\"noopener\">hier<\/a><\/p>\n<p>Alle Bilder von Jens Meyer finden Sie <a href=\"https:\/\/www.schiffahrtsregatta.de\/Bilder2024\/JEPEME2024\/index.html\" target=\"_blank\" rel=\"noopener\">hier<\/a><\/p>\n<p>&nbsp;<\/p>\n<p>Archiv 2023:<\/p>\n<p>Alle Bilder von Hinrich Franck und Team finden Sie <a href=\"https:\/\/www.schiffahrtsregatta.de\/Bilder2023\/Franck2023\/index.html\" target=\"_blank\" rel=\"noopener\">hier<\/a><\/p>\n<p>Alle Bilder von Jens Meyer finden Sie <a href=\"https:\/\/www.schiffahrtsregatta.de\/Bilder2023\/JEPEME2023\/index.html\" target=\"_blank\" rel=\"noopener\">hier<\/a><\/p>\n<p>Alle Bilder von Andrea Grammes finden Sie <a href=\"https:\/\/www.schiffahrtsregatta.de\/Bilder2023\/Grammes2023\/index.html\" target=\"_blank\" rel=\"noopener\">hier<\/a><\/p>\n<p>Abz\u00fcge oder Hig Res Daten zur Nutzung k\u00f6nnen Sie hier bekommen: <a href=\"https:\/\/hinrich-franck.fotograf.de\/jobs\/peter-gast-2023\" target=\"_blank\" rel=\"noopener\">Hinrich Frank<\/a><\/p>\n<p>&nbsp;<\/p>\n<p>Archiv 2022:<\/p>\n<p>Alle Bilder von Jens Meyer finden Sie <a href=\"https:\/\/www.schiffahrtsregatta.de\/Bilder2022\/PGS22JM\/index.html\">hier<\/a><\/p>\n<p>Erste Regatta-Bilder von Hinrich Franck &amp; Team gibt es <a href=\"https:\/\/www.schiffahrtsregatta.de\/Bilder2022\/PGS22HF-PR\/index.html\" target=\"_blank\" rel=\"noopener noreferrer\">hier<\/a><\/p>\n<p>Erste Grauh\u00f6ft-Bilder von Hinrich Franck &amp; Team gibt es <a href=\"https:\/\/www.schiffahrtsregatta.de\/Bilder2022\/PGS22HF-PR-GH\/index.html\" target=\"_blank\" rel=\"noopener noreferrer\">hier<\/a><\/p>\n<p>Alle Fotos von Andrea Grammes finden Sie <a href=\"https:\/\/www.schiffahrtsregatta.de\/Bilder2022\/PGS22AG\/index.html\" target=\"_blank\" rel=\"noopener noreferrer\">hier<\/a><\/p>\n<p>Alle Bilder von Hinrich Franck &amp; Team gibt es auf seiner Homepage: <a href=\"https:\/\/hinrich-franck.fotograf.de\/jobs\/peter-gast-2022\" target=\"_blank\" rel=\"noopener noreferrer\">hier klicken<\/a><\/p>\n<p>&nbsp;<\/p>\n<p>Archiv 2021:<\/p>\n<p>Alle Bilder von Jens Meyer finden Sie <a href=\"https:\/\/www.schiffahrtsregatta.de\/Bilder21\/PGS21JM\/index.html\" target=\"_blank\" rel=\"noopener noreferrer\">hier<\/a><\/p>\n<p>Alle Bilder von der Moana finden Sie <a href=\"https:\/\/www.schiffahrtsregatta.de\/Bilder21\/PGS21Moana\/index.html\" target=\"_blank\" rel=\"noopener noreferrer\">hier<\/a><\/p>\n<p>Zu den Bilder von Hinrich Franck &amp; Team geht es <a href=\"https:\/\/hinrich-franck.fotograf.de\/jobs\/peter-gast-2021\" target=\"_blank\" rel=\"noopener noreferrer\">hier<\/a><\/p>\n<h5 style=\"text-align: left;\"><\/h5>\n<address>\u00a0<\/address>\n<address>\u00a0<\/address>\n<address>\u00a0<\/address>\n<address>\u00a0<\/address>\n<address>\u00a0<\/address>\n<address>\u00a0<\/address>\n","protected":false},"excerpt":{"rendered":"<p>Fotos der 42. Schiffahrtsregatta 2025: Alle Bilder von Jens Meyer finden Sie hier. Alle Bilder von Dr. Tobias Beckmann finden Sie hier. Alle Bilder von Hinrich Franck &amp; Team finden Sie hier: Bilder vom Freitag in Grauh\u00f6ft\u00a0 \u00a0hier Bilder von der Regatta Teil 1\u00a0 \u00a0hier Bilder von der Regatta Teil 2\u00a0 \u00a0hier Bilder vom Hafen [&hellip;]<\/p>\n","protected":false},"author":1,"featured_media":0,"parent":0,"menu_order":5,"comment_status":"closed","ping_status":"closed","template":"","meta":[],"_links":{"self":[{"href":"https:\/\/schiffahrtsregatta.de\/index.php?rest_route=\/wp\/v2\/pages\/20"}],"collection":[{"href":"https:\/\/schiffahrtsregatta.de\/index.php?rest_route=\/wp\/v2\/pages"}],"about":[{"href":"https:\/\/schiffahrtsregatta.de\/index.php?rest_route=\/wp\/v2\/types\/page"}],"author":[{"embeddable":true,"href":"https:\/\/schiffahrtsregatta.de\/index.php?rest_route=\/wp\/v2\/users\/1"}],"replies":[{"embeddable":true,"href":"https:\/\/schiffahrtsregatta.de\/index.php?rest_route=%2Fwp%2Fv2%2Fcomments&post=20"}],"version-history":[{"count":133,"href":"https:\/\/schiffahrtsregatta.de\/index.php?rest_route=\/wp\/v2\/pages\/20\/revisions"}],"predecessor-version":[{"id":99097,"href":"https:\/\/schiffahrtsregatta.de\/index.php?rest_route=\/wp\/v2\/pages\/20\/revisions\/99097"}],"wp:attachment":[{"href":"https:\/\/schiffahrtsregatta.de\/index.php?rest_route=%2Fwp%2Fv2%2Fmedia&parent=20"}],"curies":[{"name":"wp","href":"https:\/\/api.w.org\/{rel}","templated":true}]}}