{"id":22,"date":"2010-05-08T20:44:00","date_gmt":"2010-05-08T20:44:00","guid":{"rendered":"http:\/\/schiffahrtsregatta.de\/wordpress\/?page_id=22"},"modified":"2023-06-01T15:13:23","modified_gmt":"2023-06-01T15:13:23","slug":"unterkunfte","status":"publish","type":"page","link":"https:\/\/schiffahrtsregatta.de\/?page_id=22","title":{"rendered":"Unterk\u00fcnfte"},"content":{"rendered":"<h1 style=\"text-align: left;\">Bed and Breakfast? Hier wird Ihnen bei der Quartiersuche geholfen.<\/h1>\n<h3>Unterk\u00fcnfte in Kappeln und Maasholm:<\/h3>\n<p>Touristinformation Kappeln<br \/>\nTelefon: 04642 4027<\/p>\n<p><a href=\"http:\/\/www.ostseefjordschlei.de\" target=\"_blank\" rel=\"noopener noreferrer\">www.ostseefjordschlei.de<\/a><\/p>\n<p>&nbsp;<\/p>\n<h3>Unterk\u00fcnfte auf \u00c6r\u00f8:<\/h3>\n<p><a href=\"http:\/\/www.visitaeroe.de\/\" target=\"_blank\" rel=\"noopener noreferrer\">www.visitaeroe.de<\/a><\/p>\n<p>&nbsp;<\/p>\n<p>Hvis du kan tilbyde overnatningsmulighed til regattadeltagerne<br \/>\nenten i \u00c6r\u00f8sk\u00f8bing eller p\u00e5 \u00c6r\u00f8, beder vi dig sende os<br \/>\nenten en kort e-mail (fortrinsvis p\u00e5 tysk, men ogs\u00e5 p\u00e5 engelsk eller dansk),<br \/>\neller at de ringer tilbage til os. (Oliver +49 4089720677-2)<br \/>\nP\u00e5 forh\u00e5nd mange tak.<\/p>\n","protected":false},"excerpt":{"rendered":"<p>Bed and Breakfast? Hier wird Ihnen bei der Quartiersuche geholfen. Unterk\u00fcnfte in Kappeln und Maasholm: Touristinformation Kappeln Telefon: 04642 4027 www.ostseefjordschlei.de &nbsp; Unterk\u00fcnfte auf \u00c6r\u00f8: www.visitaeroe.de &nbsp; Hvis du kan tilbyde overnatningsmulighed til regattadeltagerne enten i \u00c6r\u00f8sk\u00f8bing eller p\u00e5 \u00c6r\u00f8, beder vi dig sende os enten en kort e-mail (fortrinsvis p\u00e5 tysk, men ogs\u00e5 p\u00e5 [&hellip;]<\/p>\n","protected":false},"author":1,"featured_media":0,"parent":0,"menu_order":6,"comment_status":"closed","ping_status":"closed","template":"","meta":[],"_links":{"self":[{"href":"https:\/\/schiffahrtsregatta.de\/index.php?rest_route=\/wp\/v2\/pages\/22"}],"collection":[{"href":"https:\/\/schiffahrtsregatta.de\/index.php?rest_route=\/wp\/v2\/pages"}],"about":[{"href":"https:\/\/schiffahrtsregatta.de\/index.php?rest_route=\/wp\/v2\/types\/page"}],"author":[{"embeddable":true,"href":"https:\/\/schiffahrtsregatta.de\/index.php?rest_route=\/wp\/v2\/users\/1"}],"replies":[{"embeddable":true,"href":"https:\/\/schiffahrtsregatta.de\/index.php?rest_route=%2Fwp%2Fv2%2Fcomments&post=22"}],"version-history":[{"count":28,"href":"https:\/\/schiffahrtsregatta.de\/index.php?rest_route=\/wp\/v2\/pages\/22\/revisions"}],"predecessor-version":[{"id":99006,"href":"https:\/\/schiffahrtsregatta.de\/index.php?rest_route=\/wp\/v2\/pages\/22\/revisions\/99006"}],"wp:attachment":[{"href":"https:\/\/schiffahrtsregatta.de\/index.php?rest_route=%2Fwp%2Fv2%2Fmedia&parent=22"}],"curies":[{"name":"wp","href":"https:\/\/api.w.org\/{rel}","templated":true}]}}