{"id":290,"date":"2011-06-28T13:18:25","date_gmt":"2011-06-28T13:18:25","guid":{"rendered":"http:\/\/schiffahrtsregatta.de\/?page_id=290"},"modified":"2024-06-06T11:13:47","modified_gmt":"2024-06-06T11:13:47","slug":"crewausstattung","status":"publish","type":"page","link":"https:\/\/schiffahrtsregatta.de\/?page_id=290","title":{"rendered":"Crewausstattung"},"content":{"rendered":"<h1 style=\"text-align: left;\">Crewausstattung<\/h1>\n<p><strong>STATTEN SIE IHR TEAM AUS <\/strong><\/p>\n<p>Als langj\u00e4hriger Partner des Events freuen wir uns, Ihnen Teambekleidung zu exklusiven Konditionen anbieten zu k\u00f6nnen. Als Teilnehmer der Regatta haben Sie die M\u00f6glichkeit, hochwertige Bekleidung und Ausr\u00fcstung zu unschlagbaren Preisen zu erwerben.<\/p>\n<p>Entdecken Sie unser gesamtes Produktsortiment auf unserer Website:<\/p>\n<p><a href=\"https:\/\/www.marinepool.com\/formal-wear.html\">https:\/\/www.marinepool.com\/formal-wear.html<\/a><\/p>\n<p>Z\u00f6gern Sie nicht, uns f\u00fcr weitere Informationen zu kontaktieren.<\/p>\n<p><a href=\"mailto:crewwear@marinepool.com\">crewwear@marinepool.com<\/a><\/p>\n<p><img decoding=\"async\" loading=\"lazy\" class=\"size-medium wp-image-301 alignright\" title=\"flaggenlogo 4c 2009 klein\" src=\"http:\/\/schiffahrtsregatta.de\/wp-content\/uploads\/2011\/06\/flaggenlogo-4c-2009-klein-300x192.jpg\" alt=\"\" width=\"300\" height=\"192\" srcset=\"https:\/\/schiffahrtsregatta.de\/wp-content\/uploads\/2011\/06\/flaggenlogo-4c-2009-klein-300x192.jpg 300w, https:\/\/schiffahrtsregatta.de\/wp-content\/uploads\/2011\/06\/flaggenlogo-4c-2009-klein-1024x655.jpg 1024w\" sizes=\"(max-width: 300px) 100vw, 300px\" \/><\/p>\n","protected":false},"excerpt":{"rendered":"<p>Crewausstattung STATTEN SIE IHR TEAM AUS Als langj\u00e4hriger Partner des Events freuen wir uns, Ihnen Teambekleidung zu exklusiven Konditionen anbieten zu k\u00f6nnen. Als Teilnehmer der Regatta haben Sie die M\u00f6glichkeit, hochwertige Bekleidung und Ausr\u00fcstung zu unschlagbaren Preisen zu erwerben. Entdecken Sie unser gesamtes Produktsortiment auf unserer Website: https:\/\/www.marinepool.com\/formal-wear.html Z\u00f6gern Sie nicht, uns f\u00fcr weitere Informationen [&hellip;]<\/p>\n","protected":false},"author":1,"featured_media":0,"parent":0,"menu_order":7,"comment_status":"closed","ping_status":"closed","template":"","meta":[],"_links":{"self":[{"href":"https:\/\/schiffahrtsregatta.de\/index.php?rest_route=\/wp\/v2\/pages\/290"}],"collection":[{"href":"https:\/\/schiffahrtsregatta.de\/index.php?rest_route=\/wp\/v2\/pages"}],"about":[{"href":"https:\/\/schiffahrtsregatta.de\/index.php?rest_route=\/wp\/v2\/types\/page"}],"author":[{"embeddable":true,"href":"https:\/\/schiffahrtsregatta.de\/index.php?rest_route=\/wp\/v2\/users\/1"}],"replies":[{"embeddable":true,"href":"https:\/\/schiffahrtsregatta.de\/index.php?rest_route=%2Fwp%2Fv2%2Fcomments&post=290"}],"version-history":[{"count":44,"href":"https:\/\/schiffahrtsregatta.de\/index.php?rest_route=\/wp\/v2\/pages\/290\/revisions"}],"predecessor-version":[{"id":99046,"href":"https:\/\/schiffahrtsregatta.de\/index.php?rest_route=\/wp\/v2\/pages\/290\/revisions\/99046"}],"wp:attachment":[{"href":"https:\/\/schiffahrtsregatta.de\/index.php?rest_route=%2Fwp%2Fv2%2Fmedia&parent=290"}],"curies":[{"name":"wp","href":"https:\/\/api.w.org\/{rel}","templated":true}]}}