{"id":332,"date":"2011-08-11T12:08:27","date_gmt":"2011-08-11T12:08:27","guid":{"rendered":"http:\/\/schiffahrtsregatta.de\/?page_id=332"},"modified":"2025-08-27T08:54:36","modified_gmt":"2025-08-27T08:54:36","slug":"anmeldung-2","status":"publish","type":"page","link":"https:\/\/schiffahrtsregatta.de\/?page_id=332","title":{"rendered":"Anmeldung"},"content":{"rendered":"<p>Eine Online Anmeldung f\u00fcr 2026 ist leider noch nicht m\u00f6glich.<\/p>\n<p>Eine Anmeldung ist voraussichtlich ab Mai 2026 m\u00f6glich.<\/p>\n<p>Wenn Sie Fragen haben, kontaktieren Sie uns gern per Telefon:<\/p>\n<p>PGS: +49 40 374989-0<\/p>\n<p>oder per mail: info(\u00e4t)schiffahrtsregatta.de<\/p>\n","protected":false},"excerpt":{"rendered":"<p>Eine Online Anmeldung f\u00fcr 2026 ist leider noch nicht m\u00f6glich. Eine Anmeldung ist voraussichtlich ab Mai 2026 m\u00f6glich. Wenn Sie Fragen haben, kontaktieren Sie uns gern per Telefon: PGS: +49 40 374989-0 oder per mail: info(\u00e4t)schiffahrtsregatta.de<\/p>\n","protected":false},"author":1,"featured_media":0,"parent":0,"menu_order":3,"comment_status":"closed","ping_status":"open","template":"","meta":[],"_links":{"self":[{"href":"https:\/\/schiffahrtsregatta.de\/index.php?rest_route=\/wp\/v2\/pages\/332"}],"collection":[{"href":"https:\/\/schiffahrtsregatta.de\/index.php?rest_route=\/wp\/v2\/pages"}],"about":[{"href":"https:\/\/schiffahrtsregatta.de\/index.php?rest_route=\/wp\/v2\/types\/page"}],"author":[{"embeddable":true,"href":"https:\/\/schiffahrtsregatta.de\/index.php?rest_route=\/wp\/v2\/users\/1"}],"replies":[{"embeddable":true,"href":"https:\/\/schiffahrtsregatta.de\/index.php?rest_route=%2Fwp%2Fv2%2Fcomments&post=332"}],"version-history":[{"count":33,"href":"https:\/\/schiffahrtsregatta.de\/index.php?rest_route=\/wp\/v2\/pages\/332\/revisions"}],"predecessor-version":[{"id":99080,"href":"https:\/\/schiffahrtsregatta.de\/index.php?rest_route=\/wp\/v2\/pages\/332\/revisions\/99080"}],"wp:attachment":[{"href":"https:\/\/schiffahrtsregatta.de\/index.php?rest_route=%2Fwp%2Fv2%2Fmedia&parent=332"}],"curies":[{"name":"wp","href":"https:\/\/api.w.org\/{rel}","templated":true}]}}